{"id":303,"date":"2026-05-15T23:34:27","date_gmt":"2026-05-15T21:34:27","guid":{"rendered":"https:\/\/freibad-neuhausen.de\/?page_id=303"},"modified":"2026-05-15T23:34:27","modified_gmt":"2026-05-15T21:34:27","slug":"foerderverein-mitglied-werden","status":"publish","type":"page","link":"https:\/\/freibad-neuhausen.de\/?page_id=303","title":{"rendered":"F\u00f6rderverein Mitglied werden"},"content":{"rendered":"\n<p>Beitrittserkl\u00e4rung<\/p>\n\n\n\n<p>Wenn Sie mithelfen m\u00f6chten, unser Freibad noch sch\u00f6ner zu machen, k\u00f6nnen Sie Mitglied im&nbsp;F\u00f6rderverein&nbsp;werden. Einfach den Antrag ausf\u00fcllen und an uns schicken. Wir freuen uns auf Sie!<\/p>\n\n\n\n<p>Jahresbeitrag:<br>Erwachsene (mindestens) 12,00 \u20ac<br>Kinder und Jugendliche bis zur Vollendung des 18. Lebensjahres 6,00 \u20ac<\/p>\n\n\n\n<p>Bitte unterschreiben Sie das nachfolgendes PDF und senden dieses mit eingescannter Unterschrift an den Vorstand: vorstand@freibad-neuhausen.de ODER geben das ausgedruckte Formular direkt im Freibad ab.<\/p>\n\n\n\n<p>Besten Dank f\u00fcr Ihre Unterst\u00fctzung!<\/p>\n\n\n\n<div data-wp-interactive=\"core\/file\" class=\"wp-block-file\"><object data-wp-bind--hidden=\"!state.hasPdfPreview\" hidden class=\"wp-block-file__embed\" data=\"https:\/\/freibad-neuhausen.de\/wp-content\/uploads\/2026\/05\/Beitrittserklaerung_Foerderverein_Freibad_NH.pdf\" type=\"application\/pdf\" style=\"width:100%;height:600px\" aria-label=\"Einbettung von Beitrittserklaerung_Foerderverein_Freibad_NH.\"><\/object><a id=\"wp-block-file--media-05e7d94e-c371-44ad-b0a8-f55876e963a8\" href=\"https:\/\/freibad-neuhausen.de\/wp-content\/uploads\/2026\/05\/Beitrittserklaerung_Foerderverein_Freibad_NH.pdf\">Beitrittserklaerung_Foerderverein_Freibad_NH<\/a><a href=\"https:\/\/freibad-neuhausen.de\/wp-content\/uploads\/2026\/05\/Beitrittserklaerung_Foerderverein_Freibad_NH.pdf\" class=\"wp-block-file__button wp-element-button\" download aria-describedby=\"wp-block-file--media-05e7d94e-c371-44ad-b0a8-f55876e963a8\">Herunterladen<\/a><\/div>\n\n\n\n<p><\/p>\n","protected":false},"excerpt":{"rendered":"<p>Beitrittserkl\u00e4rung Wenn Sie mithelfen m\u00f6chten, unser Freibad noch sch\u00f6ner zu machen, k\u00f6nnen Sie Mitglied im&nbsp;F\u00f6rderverein&nbsp;werden. Einfach den Antrag ausf\u00fcllen und an uns schicken. Wir freuen uns auf Sie! Jahresbeitrag:Erwachsene (mindestens) 12,00 \u20acKinder und Jugendliche bis zur Vollendung des 18. Lebensjahres 6,00 \u20ac Bitte unterschreiben Sie das nachfolgendes PDF und senden dieses mit eingescannter Unterschrift an &hellip; <\/p>\n<p class=\"link-more\"><a href=\"https:\/\/freibad-neuhausen.de\/?page_id=303\" class=\"more-link\"><span class=\"screen-reader-text\">\u201eF\u00f6rderverein Mitglied werden\u201c <\/span>weiterlesen<\/a><\/p>\n","protected":false},"author":4,"featured_media":0,"parent":0,"menu_order":0,"comment_status":"closed","ping_status":"closed","template":"","meta":{"footnotes":""},"class_list":["post-303","page","type-page","status-publish","hentry"],"publishpress_future_action":{"enabled":false,"date":"2026-05-23 05:01:30","action":"change-status","newStatus":"draft","terms":[],"taxonomy":"","extraData":[]},"publishpress_future_workflow_manual_trigger":{"enabledWorkflows":[]},"_links":{"self":[{"href":"https:\/\/freibad-neuhausen.de\/index.php?rest_route=\/wp\/v2\/pages\/303","targetHints":{"allow":["GET"]}}],"collection":[{"href":"https:\/\/freibad-neuhausen.de\/index.php?rest_route=\/wp\/v2\/pages"}],"about":[{"href":"https:\/\/freibad-neuhausen.de\/index.php?rest_route=\/wp\/v2\/types\/page"}],"author":[{"embeddable":true,"href":"https:\/\/freibad-neuhausen.de\/index.php?rest_route=\/wp\/v2\/users\/4"}],"replies":[{"embeddable":true,"href":"https:\/\/freibad-neuhausen.de\/index.php?rest_route=%2Fwp%2Fv2%2Fcomments&post=303"}],"version-history":[{"count":1,"href":"https:\/\/freibad-neuhausen.de\/index.php?rest_route=\/wp\/v2\/pages\/303\/revisions"}],"predecessor-version":[{"id":306,"href":"https:\/\/freibad-neuhausen.de\/index.php?rest_route=\/wp\/v2\/pages\/303\/revisions\/306"}],"wp:attachment":[{"href":"https:\/\/freibad-neuhausen.de\/index.php?rest_route=%2Fwp%2Fv2%2Fmedia&parent=303"}],"curies":[{"name":"wp","href":"https:\/\/api.w.org\/{rel}","templated":true}]}}