{"id":110,"date":"2024-04-12T22:28:11","date_gmt":"2024-04-12T20:28:11","guid":{"rendered":"https:\/\/freibad-neuhausen.de\/?page_id=110"},"modified":"2026-03-19T21:50:55","modified_gmt":"2026-03-19T20:50:55","slug":"preise","status":"publish","type":"page","link":"https:\/\/freibad-neuhausen.de\/?page_id=110","title":{"rendered":"Preise"},"content":{"rendered":"\n<h3 class=\"wp-block-heading\">Die Eintrittspreise 2026<\/h3>\n\n\n\n<p><\/p>\n\n\n\n<p><strong>Einzeltickets<\/strong><br>Erwachsene ab vollendetem 18. Lebensjahr: 4 Euro<br>Kinder und Jugendliche (ab einem Alter von 4 Jahren bis zur Vollendung des 18. Lebensjahres): 2,50 Euro<br>Erm\u00e4\u00dfigter Eintritt f\u00fcr Sch\u00fclerinnen und Sch\u00fcler, Studierende, Schwerbehinderte ab 50 Prozent, Rentnerinnen und Rentner und Personen ab 65 Jahren: 3 Euro<\/p>\n\n\n\n<p><strong>Abendtarif (ab 17 Uhr)<\/strong><br>Erwachsene ab vollendetem 18. Lebensjahr: 3 Euro<br>Kinder und Jugendliche (ab einem Alter von 4 Jahren bis zur Vollendung des 18.Lebensjahres): 1,50 Euro<br>Erm\u00e4\u00dfigter Eintritt (Berechtigte siehe oben): 2 Euro<\/p>\n\n\n\n<p><strong>Zehnerkarte<\/strong><br>Erwachsene ab vollendetem 18. Lebensjahr: 32 Euro<br>Kinder und Jugendliche (ab einem Alter von 4 Jahren bis zur Vollendung des 18.Lebensjahres): 20 \u20ac Euro<br>Erm\u00e4\u00dfigter Eintritt (Berechtigte siehe oben): 24 Euro<\/p>\n\n\n\n<p><strong>Saisonkarte<\/strong><br>Erwachsene ab vollendetem 18. Lebensjahr: 60 Euro<br>Kinder und Jugendliche (ab einem Alter von 4 Jahren bis zur Vollendung des 18.Lebensjahres): 30 Euro<br>Erm\u00e4\u00dfigter Eintritt (Berechtigte siehe oben): 45 Euro<br>Familienkarte (Familiengemeinschaften mit im Haushalt lebenden minderj\u00e4hrigen Kindern und Jugendlichen): 100 Euro<\/p>\n\n\n\n<p>F\u00fcr Kinder bis zu einem Alter von einschlie\u00dflich 3 Jahren ist der Besuch des Freibades kostenlos.<\/p>\n","protected":false},"excerpt":{"rendered":"<p>Die Eintrittspreise 2026 EinzelticketsErwachsene ab vollendetem 18. Lebensjahr: 4 EuroKinder und Jugendliche (ab einem Alter von 4 Jahren bis zur Vollendung des 18. Lebensjahres): 2,50 EuroErm\u00e4\u00dfigter Eintritt f\u00fcr Sch\u00fclerinnen und Sch\u00fcler, Studierende, Schwerbehinderte ab 50 Prozent, Rentnerinnen und Rentner und Personen ab 65 Jahren: 3 Euro Abendtarif (ab 17 Uhr)Erwachsene ab vollendetem 18. Lebensjahr: 3 &hellip; <\/p>\n<p class=\"link-more\"><a href=\"https:\/\/freibad-neuhausen.de\/?page_id=110\" class=\"more-link\"><span class=\"screen-reader-text\">\u201ePreise\u201c <\/span>weiterlesen<\/a><\/p>\n","protected":false},"author":4,"featured_media":0,"parent":0,"menu_order":0,"comment_status":"closed","ping_status":"closed","template":"","meta":{"footnotes":""},"class_list":["post-110","page","type-page","status-publish","hentry"],"publishpress_future_action":{"enabled":false,"date":"2026-04-30 11:56:44","action":"change-status","newStatus":"draft","terms":[],"taxonomy":"","extraData":[]},"publishpress_future_workflow_manual_trigger":{"enabledWorkflows":[]},"_links":{"self":[{"href":"https:\/\/freibad-neuhausen.de\/index.php?rest_route=\/wp\/v2\/pages\/110","targetHints":{"allow":["GET"]}}],"collection":[{"href":"https:\/\/freibad-neuhausen.de\/index.php?rest_route=\/wp\/v2\/pages"}],"about":[{"href":"https:\/\/freibad-neuhausen.de\/index.php?rest_route=\/wp\/v2\/types\/page"}],"author":[{"embeddable":true,"href":"https:\/\/freibad-neuhausen.de\/index.php?rest_route=\/wp\/v2\/users\/4"}],"replies":[{"embeddable":true,"href":"https:\/\/freibad-neuhausen.de\/index.php?rest_route=%2Fwp%2Fv2%2Fcomments&post=110"}],"version-history":[{"count":4,"href":"https:\/\/freibad-neuhausen.de\/index.php?rest_route=\/wp\/v2\/pages\/110\/revisions"}],"predecessor-version":[{"id":283,"href":"https:\/\/freibad-neuhausen.de\/index.php?rest_route=\/wp\/v2\/pages\/110\/revisions\/283"}],"wp:attachment":[{"href":"https:\/\/freibad-neuhausen.de\/index.php?rest_route=%2Fwp%2Fv2%2Fmedia&parent=110"}],"curies":[{"name":"wp","href":"https:\/\/api.w.org\/{rel}","templated":true}]}}